{"id":1355,"date":"2024-10-30T11:16:06","date_gmt":"2024-10-30T11:16:06","guid":{"rendered":"https:\/\/staging.dongtienviet.com\/?post_type=product&#038;p=1355"},"modified":"2024-10-30T11:16:06","modified_gmt":"2024-10-30T11:16:06","slug":"ao-phan-quang-2","status":"publish","type":"product","link":"https:\/\/dongtienviet.com\/?product=ao-phan-quang-2","title":{"rendered":"\u00c1o ph\u1ea3n quang"},"content":{"rendered":"<p>\u00c1o ph\u1ea3n quang v\u1ea3i l\u01b0\u1edbi poly, s\u1eed d\u1ee5ng ph\u1ea3n quang 3M (ch\u1ea5t l\u01b0\u1ee3ng ph\u1ea3n quang v\u1eabn t\u1ed1t sau 30 l\u1ea7n gi\u1eb7t). S\u1ea3n ph\u1ea9m \u0111\u01b0\u1ee3c s\u1ea3n xu\u1ea5t t\u1ea1i vi\u1ec7t nam<br \/>\nC\u00f3 c\u00e1c m\u00e0u : Cam, V\u00e0ng chanh, Xanh Bi\u1ec3n.<br \/>\nSize ti\u00eau chu\u1ea9n M, L, XL<\/p>\n","protected":false},"excerpt":{"rendered":"<p>\u00c1o ph\u1ea3n quang 3M, size ti\u00eau chu\u1ea9n M, L, XL<\/p>\n","protected":false},"featured_media":912,"template":"","meta":{"_monsterinsights_skip_tracking":false,"_monsterinsights_sitenote_active":false,"_monsterinsights_sitenote_note":"","_monsterinsights_sitenote_category":0},"product_brand":[],"product_cat":[93],"product_tag":[],"class_list":{"0":"post-1355","1":"product","2":"type-product","3":"status-publish","4":"has-post-thumbnail","6":"product_cat-ao-quan-bao-ho","8":"first","9":"instock","10":"shipping-taxable","11":"product-type-simple"},"aioseo_notices":[],"_links":{"self":[{"href":"https:\/\/dongtienviet.com\/index.php?rest_route=\/wp\/v2\/product\/1355","targetHints":{"allow":["GET"]}}],"collection":[{"href":"https:\/\/dongtienviet.com\/index.php?rest_route=\/wp\/v2\/product"}],"about":[{"href":"https:\/\/dongtienviet.com\/index.php?rest_route=\/wp\/v2\/types\/product"}],"version-history":[{"count":2,"href":"https:\/\/dongtienviet.com\/index.php?rest_route=\/wp\/v2\/product\/1355\/revisions"}],"predecessor-version":[{"id":1472,"href":"https:\/\/dongtienviet.com\/index.php?rest_route=\/wp\/v2\/product\/1355\/revisions\/1472"}],"wp:featuredmedia":[{"embeddable":true,"href":"https:\/\/dongtienviet.com\/index.php?rest_route=\/wp\/v2\/media\/912"}],"wp:attachment":[{"href":"https:\/\/dongtienviet.com\/index.php?rest_route=%2Fwp%2Fv2%2Fmedia&parent=1355"}],"wp:term":[{"taxonomy":"product_brand","embeddable":true,"href":"https:\/\/dongtienviet.com\/index.php?rest_route=%2Fwp%2Fv2%2Fproduct_brand&post=1355"},{"taxonomy":"product_cat","embeddable":true,"href":"https:\/\/dongtienviet.com\/index.php?rest_route=%2Fwp%2Fv2%2Fproduct_cat&post=1355"},{"taxonomy":"product_tag","embeddable":true,"href":"https:\/\/dongtienviet.com\/index.php?rest_route=%2Fwp%2Fv2%2Fproduct_tag&post=1355"}],"curies":[{"name":"wp","href":"https:\/\/api.w.org\/{rel}","templated":true}]}}