{"id":1484,"date":"2025-09-03T15:33:05","date_gmt":"2025-09-03T15:33:05","guid":{"rendered":"https:\/\/dongtienviet.com\/?post_type=product&#038;p=1484"},"modified":"2025-09-03T15:42:28","modified_gmt":"2025-09-03T15:42:28","slug":"khau-trang-bao-ve-ho-hap-3m-9502","status":"publish","type":"product","link":"https:\/\/dongtienviet.com\/?product=khau-trang-bao-ve-ho-hap-3m-9502","title":{"rendered":"Kh\u1ea9u Trang B\u1ea3o V\u1ec7 H\u00f4 H\u1ea5p 3M 9502"},"content":{"rendered":"<p>Kh\u1ea9u Trang B\u1ea3o V\u1ec7 H\u00f4 H\u1ea5p 3M 9502<\/p>\n<p>\u0110\u1ea1t ti\u00eau chu\u1ea9n NIOSH N95, Th\u00e0nh \u0111i\u1ec1u ch\u1ec9nh \u0111\u1ed9 k\u00edn \u1edf m\u0169i gi\u00fap t\u0103ng \u0111\u1ed9 k\u00edn kh\u00edt c\u1ee7a s\u1ea3n ph\u1ea9m.<\/p>\n<p>M\u00e0ng l\u1ecdc t\u0129nh \u0111i\u1ec7n ti\u00ean ti\u1ebfn 3M\u2122 gi\u00fap b\u1ea1n h\u00f4 h\u1ea5p d\u1ec5 d\u00e0ng, mang t\u1edbi s\u1ef1 b\u1ea3o v\u1ec7 tho\u1ea3i m\u00e1i v\u00e0 \u0111\u00e1ng tin c\u1eady trong m\u00f4i tr\u01b0\u1eddng b\u1ee5i (m\u1ed1i nguy d\u1ea1ng h\u1ea1t g\u1ed1c kh\u00f4ng d\u1ea7u) nh\u01b0: M\u00e0i, Ho\u1ea1t \u0111\u1ed9ng d\u1ec7t may, L\u00e0m s\u1ea1ch, X\u00e2y d\u1ef1ng, S\u1ea3n xu\u1ea5t n\u00f4ng nghi\u1ec7p, S\u1ea3n xu\u1ea5t th\u1ef1c ph\u1ea9m v\u00e0 \u0111\u1ed3 u\u1ed1ng.<\/p>\n","protected":false},"excerpt":{"rendered":"<p>Kh\u1ea9u Trang B\u1ea3o V\u1ec7 H\u00f4 H\u1ea5p 3M 9502<\/p>\n<p>\u0110\u1ea1t ti\u00eau chu\u1ea9n NIOSH N95<\/p>\n","protected":false},"featured_media":1485,"template":"","meta":{"_monsterinsights_skip_tracking":false,"_monsterinsights_sitenote_active":false,"_monsterinsights_sitenote_note":"","_monsterinsights_sitenote_category":0},"product_brand":[],"product_cat":[90],"product_tag":[],"class_list":{"0":"post-1484","1":"product","2":"type-product","3":"status-publish","4":"has-post-thumbnail","6":"product_cat-bao-ve-ho-hap","8":"first","9":"instock","10":"shipping-taxable","11":"product-type-simple"},"aioseo_notices":[],"_links":{"self":[{"href":"https:\/\/dongtienviet.com\/index.php?rest_route=\/wp\/v2\/product\/1484","targetHints":{"allow":["GET"]}}],"collection":[{"href":"https:\/\/dongtienviet.com\/index.php?rest_route=\/wp\/v2\/product"}],"about":[{"href":"https:\/\/dongtienviet.com\/index.php?rest_route=\/wp\/v2\/types\/product"}],"version-history":[{"count":2,"href":"https:\/\/dongtienviet.com\/index.php?rest_route=\/wp\/v2\/product\/1484\/revisions"}],"predecessor-version":[{"id":1487,"href":"https:\/\/dongtienviet.com\/index.php?rest_route=\/wp\/v2\/product\/1484\/revisions\/1487"}],"wp:featuredmedia":[{"embeddable":true,"href":"https:\/\/dongtienviet.com\/index.php?rest_route=\/wp\/v2\/media\/1485"}],"wp:attachment":[{"href":"https:\/\/dongtienviet.com\/index.php?rest_route=%2Fwp%2Fv2%2Fmedia&parent=1484"}],"wp:term":[{"taxonomy":"product_brand","embeddable":true,"href":"https:\/\/dongtienviet.com\/index.php?rest_route=%2Fwp%2Fv2%2Fproduct_brand&post=1484"},{"taxonomy":"product_cat","embeddable":true,"href":"https:\/\/dongtienviet.com\/index.php?rest_route=%2Fwp%2Fv2%2Fproduct_cat&post=1484"},{"taxonomy":"product_tag","embeddable":true,"href":"https:\/\/dongtienviet.com\/index.php?rest_route=%2Fwp%2Fv2%2Fproduct_tag&post=1484"}],"curies":[{"name":"wp","href":"https:\/\/api.w.org\/{rel}","templated":true}]}}