{"id":1488,"date":"2025-09-04T04:25:12","date_gmt":"2025-09-04T04:25:12","guid":{"rendered":"https:\/\/dongtienviet.com\/?post_type=product&#038;p=1488"},"modified":"2025-09-04T04:35:46","modified_gmt":"2025-09-04T04:35:46","slug":"khau-trang-loc-bui-bao-ve-ho-hap-3m-9001","status":"publish","type":"product","link":"https:\/\/dongtienviet.com\/?product=khau-trang-loc-bui-bao-ve-ho-hap-3m-9001","title":{"rendered":"Kh\u1ea9u Trang L\u1ecdc B\u1ee5i B\u1ea3o V\u1ec7 H\u00f4 H\u1ea5p 3M 9001"},"content":{"rendered":"\t\t<div data-elementor-type=\"wp-post\" data-elementor-id=\"1488\" class=\"elementor elementor-1488\" data-elementor-post-type=\"product\">\n\t\t\t\t\t\t<section class=\"elementor-section elementor-top-section elementor-element elementor-element-50d6ca8e elementor-section-boxed elementor-section-height-default elementor-section-height-default\" data-id=\"50d6ca8e\" data-element_type=\"section\">\n\t\t\t\t\t\t<div class=\"elementor-container elementor-column-gap-default\">\n\t\t\t\t\t<div class=\"elementor-column elementor-col-100 elementor-top-column elementor-element elementor-element-44fc53e\" data-id=\"44fc53e\" data-element_type=\"column\">\n\t\t\t<div class=\"elementor-widget-wrap elementor-element-populated\">\n\t\t\t\t\t\t<div class=\"elementor-element elementor-element-387cc0e4 elementor-widget elementor-widget-text-editor\" data-id=\"387cc0e4\" data-element_type=\"widget\" data-widget_type=\"text-editor.default\">\n\t\t\t\t<div class=\"elementor-widget-container\">\n\t\t\t\t\t\t\t<p>K\u00ednh b\u1ea3o h\u1ed9 m\u00e0u tr\u1eafng, EV105, \u0111en. Everest, \u0110\u00e0i Loan, K\u00ednh b\u1ea3o h\u1ed9 nh\u1ef1a trong su\u1ed1t, b\u1ea3o v\u1ec7 m\u1eaft, tr\u00f2ng k\u00ednh r\u1ed9ng, ng\u0103n ng\u1eeba b\u1ee5i, c\u00e1c d\u1ecb v\u1eadt v\u0103ng v\u00e0o m\u1eaft, CE EN166, ANSI Z87. S\u1eed d\u1ee5ng: Nh\u00e0 m\u00e1y c\u01a1 kh\u00ed, s\u1ea3n xu\u1ea5t \u0111\u1ed3 g\u1ed7<\/p>\t\t\t\t\t\t<\/div>\n\t\t\t\t<\/div>\n\t\t\t\t\t<\/div>\n\t\t<\/div>\n\t\t\t\t\t<\/div>\n\t\t<\/section>\n\t\t\t\t<\/div>\n\t\t","protected":false},"excerpt":{"rendered":"<p>Kh\u1ea9u Trang L\u1ecdc B\u1ee5i B\u1ea3o V\u1ec7 H\u00f4 H\u1ea5p 3M 9001<br \/>\n\u0110\u1ea1t ti\u00eau chu\u1ea9n P1: l\u1ecdc \u0111\u01b0\u1ee3c t\u1ed1i thi\u1ec3u 80% b\u1ee5i v\u00e0 sol kh\u00ed kh\u00f4ng c\u00f3 g\u1ed1c d\u1ea7u. Thanh \u0111i\u1ec1u ch\u1ec9nh \u0111\u1ed9 k\u00edn \u1edf m\u0169i gi\u00fap t\u0103ng \u0111\u1ed9 k\u00edn kh\u00edt c\u1ee7a s\u1ea3n ph\u1ea9m.<br \/>\nKh\u1ea9u trang ng\u0103n b\u1ee5i t\u1eeb c\u00e1c ho\u1ea1t \u0111\u1ed9ng ch\u1ebf bi\u1ebfn kho\u00e1ng s\u1ea3n bao g\u1ed3m than, qu\u1eb7ng s\u1eaft , silica , b\u00f4ng , b\u1ed9t v\u00e0 m\u1ed9t s\u1ed1 ch\u1ea5t kh\u00e1c c\u00f3 n\u1ed3ng \u0111\u1ed9 l\u00ean \u0111\u1ebfn m\u01b0\u1eddi l\u1ea7n n\u1ed3ng \u0111\u1ed9 ti\u1ebfp x\u00fac theo Ti\u00eau chu\u1ea9n s\u1ee9c kh\u1ecfe ngh\u1ec1 nghi\u1ec7p ho\u1eb7c theo quy \u0111\u1ecbnh c\u1ee7a \u0111\u1ecba ph\u01b0\u01a1ng.<\/p>\n","protected":false},"featured_media":1489,"template":"elementor_theme","meta":{"_monsterinsights_skip_tracking":false,"_monsterinsights_sitenote_active":false,"_monsterinsights_sitenote_note":"","_monsterinsights_sitenote_category":0},"product_brand":[],"product_cat":[90],"product_tag":[],"class_list":{"0":"post-1488","1":"product","2":"type-product","3":"status-publish","4":"has-post-thumbnail","6":"product_cat-bao-ve-ho-hap","8":"first","9":"instock","10":"shipping-taxable","11":"product-type-simple"},"aioseo_notices":[],"_links":{"self":[{"href":"https:\/\/dongtienviet.com\/index.php?rest_route=\/wp\/v2\/product\/1488","targetHints":{"allow":["GET"]}}],"collection":[{"href":"https:\/\/dongtienviet.com\/index.php?rest_route=\/wp\/v2\/product"}],"about":[{"href":"https:\/\/dongtienviet.com\/index.php?rest_route=\/wp\/v2\/types\/product"}],"version-history":[{"count":1,"href":"https:\/\/dongtienviet.com\/index.php?rest_route=\/wp\/v2\/product\/1488\/revisions"}],"predecessor-version":[{"id":1490,"href":"https:\/\/dongtienviet.com\/index.php?rest_route=\/wp\/v2\/product\/1488\/revisions\/1490"}],"wp:featuredmedia":[{"embeddable":true,"href":"https:\/\/dongtienviet.com\/index.php?rest_route=\/wp\/v2\/media\/1489"}],"wp:attachment":[{"href":"https:\/\/dongtienviet.com\/index.php?rest_route=%2Fwp%2Fv2%2Fmedia&parent=1488"}],"wp:term":[{"taxonomy":"product_brand","embeddable":true,"href":"https:\/\/dongtienviet.com\/index.php?rest_route=%2Fwp%2Fv2%2Fproduct_brand&post=1488"},{"taxonomy":"product_cat","embeddable":true,"href":"https:\/\/dongtienviet.com\/index.php?rest_route=%2Fwp%2Fv2%2Fproduct_cat&post=1488"},{"taxonomy":"product_tag","embeddable":true,"href":"https:\/\/dongtienviet.com\/index.php?rest_route=%2Fwp%2Fv2%2Fproduct_tag&post=1488"}],"curies":[{"name":"wp","href":"https:\/\/api.w.org\/{rel}","templated":true}]}}