{"id":1519,"date":"2025-11-10T10:14:23","date_gmt":"2025-11-10T10:14:23","guid":{"rendered":"https:\/\/dongtienviet.com\/?post_type=product&#038;p=1519"},"modified":"2025-11-10T10:24:00","modified_gmt":"2025-11-10T10:24:00","slug":"giay-bhld-2","status":"publish","type":"product","link":"https:\/\/dongtienviet.com\/?product=giay-bhld-2","title":{"rendered":"Gi\u00e0y BHL\u0110"},"content":{"rendered":"<p>Gi\u00e0y BHL\u0110 th\u1ea5p c\u1ed5 BH368-1<\/p>\n","protected":false},"excerpt":{"rendered":"<p>Gi\u00e0y BHL\u0110 th\u1ea5p c\u1ed5 BH368-1<\/p>\n","protected":false},"featured_media":1520,"template":"","meta":{"_monsterinsights_skip_tracking":false,"_monsterinsights_sitenote_active":false,"_monsterinsights_sitenote_note":"","_monsterinsights_sitenote_category":0},"product_brand":[],"product_cat":[94],"product_tag":[],"class_list":{"0":"post-1519","1":"product","2":"type-product","3":"status-publish","4":"has-post-thumbnail","6":"product_cat-bao-ve-chan","8":"first","9":"instock","10":"featured","11":"shipping-taxable","12":"product-type-simple"},"aioseo_notices":[],"_links":{"self":[{"href":"https:\/\/dongtienviet.com\/index.php?rest_route=\/wp\/v2\/product\/1519","targetHints":{"allow":["GET"]}}],"collection":[{"href":"https:\/\/dongtienviet.com\/index.php?rest_route=\/wp\/v2\/product"}],"about":[{"href":"https:\/\/dongtienviet.com\/index.php?rest_route=\/wp\/v2\/types\/product"}],"version-history":[{"count":1,"href":"https:\/\/dongtienviet.com\/index.php?rest_route=\/wp\/v2\/product\/1519\/revisions"}],"predecessor-version":[{"id":1522,"href":"https:\/\/dongtienviet.com\/index.php?rest_route=\/wp\/v2\/product\/1519\/revisions\/1522"}],"wp:featuredmedia":[{"embeddable":true,"href":"https:\/\/dongtienviet.com\/index.php?rest_route=\/wp\/v2\/media\/1520"}],"wp:attachment":[{"href":"https:\/\/dongtienviet.com\/index.php?rest_route=%2Fwp%2Fv2%2Fmedia&parent=1519"}],"wp:term":[{"taxonomy":"product_brand","embeddable":true,"href":"https:\/\/dongtienviet.com\/index.php?rest_route=%2Fwp%2Fv2%2Fproduct_brand&post=1519"},{"taxonomy":"product_cat","embeddable":true,"href":"https:\/\/dongtienviet.com\/index.php?rest_route=%2Fwp%2Fv2%2Fproduct_cat&post=1519"},{"taxonomy":"product_tag","embeddable":true,"href":"https:\/\/dongtienviet.com\/index.php?rest_route=%2Fwp%2Fv2%2Fproduct_tag&post=1519"}],"curies":[{"name":"wp","href":"https:\/\/api.w.org\/{rel}","templated":true}]}}