{"id":1527,"date":"2025-11-10T10:21:03","date_gmt":"2025-11-10T10:21:03","guid":{"rendered":"https:\/\/dongtienviet.com\/?post_type=product&#038;p=1527"},"modified":"2025-11-10T10:24:12","modified_gmt":"2025-11-10T10:24:12","slug":"ung-bhld","status":"publish","type":"product","link":"https:\/\/dongtienviet.com\/?product=ung-bhld","title":{"rendered":"\u1ee6ng BHL\u0110"},"content":{"rendered":"<p>\u1ee6ng BHL\u0110 cao 30 CM, m\u00e0u \u0111en TGP010<\/p>\n","protected":false},"excerpt":{"rendered":"<p>\u1ee6ng BHL\u0110 cao 30 CM, m\u00e0u \u0111en TGP010<\/p>\n","protected":false},"featured_media":1528,"template":"","meta":{"_monsterinsights_skip_tracking":false,"_monsterinsights_sitenote_active":false,"_monsterinsights_sitenote_note":"","_monsterinsights_sitenote_category":0},"product_brand":[],"product_cat":[94],"product_tag":[],"class_list":{"0":"post-1527","1":"product","2":"type-product","3":"status-publish","4":"has-post-thumbnail","6":"product_cat-bao-ve-chan","8":"first","9":"instock","10":"shipping-taxable","11":"product-type-simple"},"aioseo_notices":[],"_links":{"self":[{"href":"https:\/\/dongtienviet.com\/index.php?rest_route=\/wp\/v2\/product\/1527","targetHints":{"allow":["GET"]}}],"collection":[{"href":"https:\/\/dongtienviet.com\/index.php?rest_route=\/wp\/v2\/product"}],"about":[{"href":"https:\/\/dongtienviet.com\/index.php?rest_route=\/wp\/v2\/types\/product"}],"version-history":[{"count":2,"href":"https:\/\/dongtienviet.com\/index.php?rest_route=\/wp\/v2\/product\/1527\/revisions"}],"predecessor-version":[{"id":1531,"href":"https:\/\/dongtienviet.com\/index.php?rest_route=\/wp\/v2\/product\/1527\/revisions\/1531"}],"wp:featuredmedia":[{"embeddable":true,"href":"https:\/\/dongtienviet.com\/index.php?rest_route=\/wp\/v2\/media\/1528"}],"wp:attachment":[{"href":"https:\/\/dongtienviet.com\/index.php?rest_route=%2Fwp%2Fv2%2Fmedia&parent=1527"}],"wp:term":[{"taxonomy":"product_brand","embeddable":true,"href":"https:\/\/dongtienviet.com\/index.php?rest_route=%2Fwp%2Fv2%2Fproduct_brand&post=1527"},{"taxonomy":"product_cat","embeddable":true,"href":"https:\/\/dongtienviet.com\/index.php?rest_route=%2Fwp%2Fv2%2Fproduct_cat&post=1527"},{"taxonomy":"product_tag","embeddable":true,"href":"https:\/\/dongtienviet.com\/index.php?rest_route=%2Fwp%2Fv2%2Fproduct_tag&post=1527"}],"curies":[{"name":"wp","href":"https:\/\/api.w.org\/{rel}","templated":true}]}}