{"id":1542,"date":"2026-02-25T08:08:04","date_gmt":"2026-02-25T08:08:04","guid":{"rendered":"https:\/\/dongtienviet.com\/?post_type=product&#038;p=1542"},"modified":"2026-02-25T08:13:53","modified_gmt":"2026-02-25T08:13:53","slug":"giay-bhld-cao-co-2","status":"publish","type":"product","link":"https:\/\/dongtienviet.com\/?product=giay-bhld-cao-co-2","title":{"rendered":"Gi\u00e0y BHL\u0110 &#8211; cao c\u1ed5"},"content":{"rendered":"<p>Gi\u00e0y b\u1ea3o h\u1ed9 KCEP KS2092 cao c\u1ed5, l\u1edbp ngo\u00e0i b\u1eb1ng da, \u0111\u1ebf cao su c\u00f3 r\u00e3nh ch\u1ed1ng tr\u01a1n tr\u01b0\u1ee3t v\u00e0 ch\u1ed1ng d\u1ea7u. M\u0169i gi\u00e0y ch\u1ed1ng va \u0111\u1eadp, l\u00f3t ch\u1ed1ng \u0111\u00e2m xuy\u00ean. \u0110\u1ebf h\u1ea5p th\u1ee5 l\u1ef1c gi\u00fap gi\u1ea3m shock khi di chuy\u1ec3n. May full \u0111\u1ebf t\u0103ng \u0111\u1ed9 b\u1ec1n. M\u00e0u \u0111en, size t\u1eeb 35 \u0111\u1ebfn 45.<\/p>\n","protected":false},"excerpt":{"rendered":"<div class=\"flex max-w-full flex-col grow\">\n<div class=\"min-h-8 text-message relative flex w-full flex-col items-end gap-2 text-start break-words whitespace-normal [.text-message+&amp;]:mt-1\" dir=\"auto\" data-message-author-role=\"assistant\" data-message-id=\"396f5e66-9551-4b9f-b492-98c378403d35\" data-message-model-slug=\"gpt-5-2\">\n<div class=\"flex w-full flex-col gap-1 empty:hidden first:pt-[1px]\">\n<div class=\"markdown prose dark:prose-invert w-full wrap-break-word light markdown-new-styling\">\n<p data-start=\"322\" data-end=\"533\"><strong data-start=\"322\" data-end=\"344\">Thi\u1ebft k\u1ebf, V\u1eadt li\u1ec7u<\/strong><br data-start=\"344\" data-end=\"347\" \/>Gi\u00e0y b\u1ea3o h\u1ed9 KCEP KS2092 l\u00e0 lo\u1ea1i cao c\u1ed5, l\u1edbp ngo\u00e0i b\u1eb1ng da. \u0110\u1ebf gi\u00e0y l\u00e0m t\u1eeb cao su c\u00f3 r\u00e3nh. S\u1ea3n ph\u1ea9m \u0111\u01b0\u1ee3c may full \u0111\u1ebf t\u0103ng \u0111\u1ed9 ch\u1eafc ch\u1eafn trong qu\u00e1 tr\u00ecnh s\u1eed d\u1ee5ng. M\u00e0u \u0111en. Xu\u1ea5t x\u1ee9 Vi\u1ec7t Nam.<\/p>\n<p data-start=\"535\" data-end=\"711\"><strong data-start=\"535\" data-end=\"548\">T\u00ednh n\u0103ng<\/strong><br data-start=\"548\" data-end=\"551\" \/>M\u0169i gi\u00e0y c\u00f3 kh\u1ea3 n\u0103ng ch\u1ed1ng va \u0111\u1eadp. L\u00f3t gi\u00e0y ch\u1ed1ng \u0111\u00e2m xuy\u00ean. \u0110\u1ebf gi\u00e0y ch\u1ed1ng tr\u01a1n tr\u01b0\u1ee3t, ch\u1ed1ng d\u1ea7u, \u0111\u1ed3ng th\u1eddi c\u00f3 kh\u1ea3 n\u0103ng h\u1ea5p th\u1ee5 l\u1ef1c v\u00e0 gi\u1ea3m shock khi di chuy\u1ec3n.<\/p>\n<p data-start=\"713\" data-end=\"737\"><strong data-start=\"713\" data-end=\"721\">Size<\/strong><br data-start=\"721\" data-end=\"724\" \/>T\u1eeb 35 \u0111\u1ebfn 45.<\/p>\n<p data-start=\"739\" data-end=\"925\" data-is-last-node=\"\" data-is-only-node=\"\"><strong data-start=\"739\" data-end=\"788\">M\u00f4i tr\u01b0\u1eddng s\u1eed d\u1ee5ng, ng\u00e0nh c\u00f4ng nghi\u1ec7p s\u1eed d\u1ee5ng<\/strong><br data-start=\"788\" data-end=\"791\" \/>Ph\u00f9 h\u1ee3p l\u00e0m vi\u1ec7c t\u1ea1i c\u00f4ng tr\u00ecnh, c\u00f4ng tr\u01b0\u1eddng; d\u1ea7u kh\u00ed; \u0111\u00f3ng t\u00e0u; c\u1ea3ng; nh\u00e0 m\u00e1y s\u1ea3n xu\u1ea5t; c\u00e1c ng\u00e0nh \u00f4 t\u00f4, xe m\u00e1y, nh\u1ef1a, g\u1ed7 v\u00e0 kim lo\u1ea1i.<\/p>\n<\/div>\n<\/div>\n<\/div>\n<\/div>\n<div class=\"z-0 flex min-h-[46px] justify-start\"><\/div>\n<div class=\"mt-3 w-full empty:hidden\">\n<div class=\"text-center\">\n<div>\n<div class=\"inline-flex border border-gray-100 dark:border-gray-700 rounded-xl\">\n<div class=\"text-token-text-secondary flex items-center justify-center gap-4 px-4 py-2.5 text-sm whitespace-nowrap\"><\/div>\n<\/div>\n<\/div>\n<\/div>\n<\/div>\n","protected":false},"featured_media":1543,"template":"","meta":{"_monsterinsights_skip_tracking":false,"_monsterinsights_sitenote_active":false,"_monsterinsights_sitenote_note":"","_monsterinsights_sitenote_category":0},"product_brand":[],"product_cat":[94],"product_tag":[],"class_list":{"0":"post-1542","1":"product","2":"type-product","3":"status-publish","4":"has-post-thumbnail","6":"product_cat-bao-ve-chan","8":"first","9":"instock","10":"shipping-taxable","11":"product-type-simple"},"aioseo_notices":[],"_links":{"self":[{"href":"https:\/\/dongtienviet.com\/index.php?rest_route=\/wp\/v2\/product\/1542","targetHints":{"allow":["GET"]}}],"collection":[{"href":"https:\/\/dongtienviet.com\/index.php?rest_route=\/wp\/v2\/product"}],"about":[{"href":"https:\/\/dongtienviet.com\/index.php?rest_route=\/wp\/v2\/types\/product"}],"version-history":[{"count":1,"href":"https:\/\/dongtienviet.com\/index.php?rest_route=\/wp\/v2\/product\/1542\/revisions"}],"predecessor-version":[{"id":1545,"href":"https:\/\/dongtienviet.com\/index.php?rest_route=\/wp\/v2\/product\/1542\/revisions\/1545"}],"wp:featuredmedia":[{"embeddable":true,"href":"https:\/\/dongtienviet.com\/index.php?rest_route=\/wp\/v2\/media\/1543"}],"wp:attachment":[{"href":"https:\/\/dongtienviet.com\/index.php?rest_route=%2Fwp%2Fv2%2Fmedia&parent=1542"}],"wp:term":[{"taxonomy":"product_brand","embeddable":true,"href":"https:\/\/dongtienviet.com\/index.php?rest_route=%2Fwp%2Fv2%2Fproduct_brand&post=1542"},{"taxonomy":"product_cat","embeddable":true,"href":"https:\/\/dongtienviet.com\/index.php?rest_route=%2Fwp%2Fv2%2Fproduct_cat&post=1542"},{"taxonomy":"product_tag","embeddable":true,"href":"https:\/\/dongtienviet.com\/index.php?rest_route=%2Fwp%2Fv2%2Fproduct_tag&post=1542"}],"curies":[{"name":"wp","href":"https:\/\/api.w.org\/{rel}","templated":true}]}}