{"id":936,"date":"2023-09-18T07:45:09","date_gmt":"2023-09-18T07:45:09","guid":{"rendered":"https:\/\/staging.dongtienviet.com\/?post_type=product&#038;p=936"},"modified":"2024-11-29T02:51:59","modified_gmt":"2024-11-29T02:51:59","slug":"ao-phan-quang","status":"publish","type":"product","link":"https:\/\/dongtienviet.com\/?product=ao-phan-quang","title":{"rendered":"\u00c1o ph\u1ea3n quang"},"content":{"rendered":"<p>\u00c1o ph\u1ea3n quang, cam, v\u00e0ng, xanh, DTV, Vi\u1ec7t nam, \u00c1o ph\u1ea3n quang may s\u1eb5n, ho\u1eb7c theo m\u1eabu thi\u1ebft k\u1ebf c\u1ee7a Kh\u00e1ch H\u00e0ng. S\u1eed d\u1ee5ng d\u00e2y ph\u1ea3n quang 3M, d\u00e2y ph\u1ea3n quang TQ. Size ti\u00eau chu\u1ea9n M, L, XL, 2XL, TCVN, Nh\u00e0 m\u00e1y, c\u00f4ng tr\u01b0\u1eddng x\u00e2y d\u1ef1ng, l\u00e1i xe<\/p>\n","protected":false},"excerpt":{"rendered":"<p>\u00c1o ph\u1ea3n quang, cam, v\u00e0ng, xanh, DTV, Vi\u1ec7t nam<\/p>\n","protected":false},"featured_media":912,"template":"","meta":{"_monsterinsights_skip_tracking":false,"_monsterinsights_sitenote_active":false,"_monsterinsights_sitenote_note":"","_monsterinsights_sitenote_category":0},"product_brand":[],"product_cat":[93],"product_tag":[],"class_list":{"0":"post-936","1":"product","2":"type-product","3":"status-publish","4":"has-post-thumbnail","6":"product_cat-ao-quan-bao-ho","8":"first","9":"instock","10":"shipping-taxable","11":"product-type-simple"},"aioseo_notices":[],"_links":{"self":[{"href":"https:\/\/dongtienviet.com\/index.php?rest_route=\/wp\/v2\/product\/936","targetHints":{"allow":["GET"]}}],"collection":[{"href":"https:\/\/dongtienviet.com\/index.php?rest_route=\/wp\/v2\/product"}],"about":[{"href":"https:\/\/dongtienviet.com\/index.php?rest_route=\/wp\/v2\/types\/product"}],"version-history":[{"count":1,"href":"https:\/\/dongtienviet.com\/index.php?rest_route=\/wp\/v2\/product\/936\/revisions"}],"predecessor-version":[{"id":1365,"href":"https:\/\/dongtienviet.com\/index.php?rest_route=\/wp\/v2\/product\/936\/revisions\/1365"}],"wp:featuredmedia":[{"embeddable":true,"href":"https:\/\/dongtienviet.com\/index.php?rest_route=\/wp\/v2\/media\/912"}],"wp:attachment":[{"href":"https:\/\/dongtienviet.com\/index.php?rest_route=%2Fwp%2Fv2%2Fmedia&parent=936"}],"wp:term":[{"taxonomy":"product_brand","embeddable":true,"href":"https:\/\/dongtienviet.com\/index.php?rest_route=%2Fwp%2Fv2%2Fproduct_brand&post=936"},{"taxonomy":"product_cat","embeddable":true,"href":"https:\/\/dongtienviet.com\/index.php?rest_route=%2Fwp%2Fv2%2Fproduct_cat&post=936"},{"taxonomy":"product_tag","embeddable":true,"href":"https:\/\/dongtienviet.com\/index.php?rest_route=%2Fwp%2Fv2%2Fproduct_tag&post=936"}],"curies":[{"name":"wp","href":"https:\/\/api.w.org\/{rel}","templated":true}]}}