{"id":937,"date":"2023-09-18T07:45:10","date_gmt":"2023-09-18T07:45:10","guid":{"rendered":"https:\/\/staging.dongtienviet.com\/?post_type=product&#038;p=937"},"modified":"2024-11-29T02:50:40","modified_gmt":"2024-11-29T02:50:40","slug":"ao-thun-co-tru","status":"publish","type":"product","link":"https:\/\/dongtienviet.com\/?product=ao-thun-co-tru","title":{"rendered":"\u00c1o thun c\u1ed5 tr\u1ee5"},"content":{"rendered":"<p>\u00c1o thun c\u1ed5 tr\u1ee5, Nam, N\u1eef, tr\u1eafng, h\u1ed3ng, cam, v\u00e0ng, xanh, DTV, Vi\u1ec7t nam, \u00c1o thun c\u1ed5 tr\u1ee5 \u0111\u1ed3ng ph\u1ee5c nam, n\u1eef. \u0110\u01b0\u1ee3c s\u1ea3n xu\u1ea5t t\u1eeb nhi\u1ec1u lo\u1ea1i v\u1ea3i thun (100% cotton, 65\/35, PE, Poly\u2026). \u00c1o may s\u1eb5n theo m\u1eabu ho\u1eb7c theo thi\u1ebft k\u1ebf c\u1ee7a Kh\u00e1ch H\u00e0ng. Size ti\u00eau chu\u1ea9n S, M, L, XL, 2XL, TCVN, M\u1ecdi ng\u00e0nh ngh\u1ec1<\/p>\n","protected":false},"excerpt":{"rendered":"<p>\u00c1o thun c\u1ed5 tr\u1ee5, Nam, N\u1eef, tr\u1eafng, h\u1ed3ng, cam, v\u00e0ng, xanh, DTV, Vi\u1ec7t nam<\/p>\n","protected":false},"featured_media":911,"template":"","meta":{"_monsterinsights_skip_tracking":false,"_monsterinsights_sitenote_active":false,"_monsterinsights_sitenote_note":"","_monsterinsights_sitenote_category":0},"product_brand":[],"product_cat":[93],"product_tag":[],"class_list":{"0":"post-937","1":"product","2":"type-product","3":"status-publish","4":"has-post-thumbnail","6":"product_cat-ao-quan-bao-ho","8":"first","9":"instock","10":"shipping-taxable","11":"product-type-simple"},"aioseo_notices":[],"_links":{"self":[{"href":"https:\/\/dongtienviet.com\/index.php?rest_route=\/wp\/v2\/product\/937","targetHints":{"allow":["GET"]}}],"collection":[{"href":"https:\/\/dongtienviet.com\/index.php?rest_route=\/wp\/v2\/product"}],"about":[{"href":"https:\/\/dongtienviet.com\/index.php?rest_route=\/wp\/v2\/types\/product"}],"version-history":[{"count":1,"href":"https:\/\/dongtienviet.com\/index.php?rest_route=\/wp\/v2\/product\/937\/revisions"}],"predecessor-version":[{"id":1363,"href":"https:\/\/dongtienviet.com\/index.php?rest_route=\/wp\/v2\/product\/937\/revisions\/1363"}],"wp:featuredmedia":[{"embeddable":true,"href":"https:\/\/dongtienviet.com\/index.php?rest_route=\/wp\/v2\/media\/911"}],"wp:attachment":[{"href":"https:\/\/dongtienviet.com\/index.php?rest_route=%2Fwp%2Fv2%2Fmedia&parent=937"}],"wp:term":[{"taxonomy":"product_brand","embeddable":true,"href":"https:\/\/dongtienviet.com\/index.php?rest_route=%2Fwp%2Fv2%2Fproduct_brand&post=937"},{"taxonomy":"product_cat","embeddable":true,"href":"https:\/\/dongtienviet.com\/index.php?rest_route=%2Fwp%2Fv2%2Fproduct_cat&post=937"},{"taxonomy":"product_tag","embeddable":true,"href":"https:\/\/dongtienviet.com\/index.php?rest_route=%2Fwp%2Fv2%2Fproduct_tag&post=937"}],"curies":[{"name":"wp","href":"https:\/\/api.w.org\/{rel}","templated":true}]}}