{"id":939,"date":"2023-09-18T07:45:10","date_gmt":"2023-09-18T07:45:10","guid":{"rendered":"https:\/\/staging.dongtienviet.com\/?post_type=product&#038;p=939"},"modified":"2024-11-29T03:12:02","modified_gmt":"2024-11-29T03:12:02","slug":"ao-khoac-chong-tinh-dien","status":"publish","type":"product","link":"https:\/\/dongtienviet.com\/?product=ao-khoac-chong-tinh-dien","title":{"rendered":"\u00c1o kho\u00e1c ch\u1ed1ng t\u0129nh \u0111i\u1ec7n"},"content":{"rendered":"<p>\u00c1o kho\u00e1c ch\u1ed1ng t\u0129nh \u0111i\u1ec7n, d\u00e0i ngang h\u00f4ng, ngang \u0111\u1ea7u g\u1ed1i, tr\u1eafng, xanh, h\u1ed3ng, DTV, Vi\u1ec7t nam, \u00c1o kho\u00e1c ch\u1ed1ng t\u0129nh \u0111i\u1ec7n, may s\u1eb5n ho\u1eb7c theo thi\u1ebft k\u1ebf c\u1ee7a Qu\u00ed Kh\u00e1ch. C\u00f3 nhi\u1ec1u m\u00e0u s\u1eafc \u0111\u1ec3 ch\u1ecdn l\u1ef1a. Size ti\u00eau chu\u1ea9n S, M, L, XL, 2XL, \u0110i\u00ean t\u1eed, ph\u00f2ng th\u00ed nghi\u1ec7m, ph\u00f2ng s\u1ea1ch<\/p>\n","protected":false},"excerpt":{"rendered":"<p>\u00c1o kho\u00e1c ch\u1ed1ng t\u0129nh \u0111i\u1ec7n, d\u00e0i ngang h\u00f4ng, ngang \u0111\u1ea7u g\u1ed1i, tr\u1eafng, xanh, h\u1ed3ng, DTV, Vi\u1ec7t nam<\/p>\n","protected":false},"featured_media":915,"template":"","meta":{"_monsterinsights_skip_tracking":false,"_monsterinsights_sitenote_active":false,"_monsterinsights_sitenote_note":"","_monsterinsights_sitenote_category":0},"product_brand":[],"product_cat":[93],"product_tag":[],"class_list":{"0":"post-939","1":"product","2":"type-product","3":"status-publish","4":"has-post-thumbnail","6":"product_cat-ao-quan-bao-ho","8":"first","9":"instock","10":"shipping-taxable","11":"product-type-simple"},"aioseo_notices":[],"_links":{"self":[{"href":"https:\/\/dongtienviet.com\/index.php?rest_route=\/wp\/v2\/product\/939","targetHints":{"allow":["GET"]}}],"collection":[{"href":"https:\/\/dongtienviet.com\/index.php?rest_route=\/wp\/v2\/product"}],"about":[{"href":"https:\/\/dongtienviet.com\/index.php?rest_route=\/wp\/v2\/types\/product"}],"version-history":[{"count":1,"href":"https:\/\/dongtienviet.com\/index.php?rest_route=\/wp\/v2\/product\/939\/revisions"}],"predecessor-version":[{"id":1376,"href":"https:\/\/dongtienviet.com\/index.php?rest_route=\/wp\/v2\/product\/939\/revisions\/1376"}],"wp:featuredmedia":[{"embeddable":true,"href":"https:\/\/dongtienviet.com\/index.php?rest_route=\/wp\/v2\/media\/915"}],"wp:attachment":[{"href":"https:\/\/dongtienviet.com\/index.php?rest_route=%2Fwp%2Fv2%2Fmedia&parent=939"}],"wp:term":[{"taxonomy":"product_brand","embeddable":true,"href":"https:\/\/dongtienviet.com\/index.php?rest_route=%2Fwp%2Fv2%2Fproduct_brand&post=939"},{"taxonomy":"product_cat","embeddable":true,"href":"https:\/\/dongtienviet.com\/index.php?rest_route=%2Fwp%2Fv2%2Fproduct_cat&post=939"},{"taxonomy":"product_tag","embeddable":true,"href":"https:\/\/dongtienviet.com\/index.php?rest_route=%2Fwp%2Fv2%2Fproduct_tag&post=939"}],"curies":[{"name":"wp","href":"https:\/\/api.w.org\/{rel}","templated":true}]}}